{"id":2809,"date":"2024-06-04T20:16:27","date_gmt":"2024-06-04T20:16:27","guid":{"rendered":"https:\/\/plasmionique.com\/deposition-materials-fr\/"},"modified":"2024-07-24T15:57:15","modified_gmt":"2024-07-24T15:57:15","slug":"deposition-materials-fr","status":"publish","type":"page","link":"https:\/\/plasmionique.com\/fr\/deposition-materials-fr\/","title":{"rendered":"Mat\u00e9riaux de d\u00e9p\u00f4t"},"content":{"rendered":"\t\t<div data-elementor-type=\"wp-page\" data-elementor-id=\"2809\" class=\"elementor elementor-2809 elementor-1903\" data-elementor-post-type=\"page\">\n\t\t\t\t<section class=\"elementor-element elementor-element-3bec30b page_banner_section e-flex e-con-boxed e-con e-parent\" data-id=\"3bec30b\" data-element_type=\"container\">\n\t\t\t\t\t<div class=\"e-con-inner\">\n\t\t<div class=\"elementor-element elementor-element-d7ac149 e-con-full banner_content_column e-flex e-con e-child\" data-id=\"d7ac149\" data-element_type=\"container\" data-settings=\"{&quot;background_background&quot;:&quot;classic&quot;}\">\n\t\t<div class=\"elementor-element elementor-element-3b28f77c left_bottom_red_border e-flex e-con-boxed e-con e-child\" data-id=\"3b28f77c\" data-element_type=\"container\">\n\t\t\t\t\t<div class=\"e-con-inner\">\n\t\t<div class=\"elementor-element elementor-element-6b45d3c5 e-flex e-con-boxed e-con e-child\" data-id=\"6b45d3c5\" data-element_type=\"container\">\n\t\t\t\t\t<div class=\"e-con-inner\">\n\t\t\t\t<div class=\"elementor-element elementor-element-31af777b elementor-widget elementor-widget-heading\" data-id=\"31af777b\" data-element_type=\"widget\" data-widget_type=\"heading.default\">\n\t\t\t\t<div class=\"elementor-widget-container\">\n\t\t\t\t\t<h1 class=\"elementor-heading-title elementor-size-default\">Mat\u00e9riaux de d\u00e9p\u00f4t<\/h1>\t\t\t\t<\/div>\n\t\t\t\t<\/div>\n\t\t\t\t<div class=\"elementor-element elementor-element-7b2d5ecb elementor-widget elementor-widget-text-editor\" data-id=\"7b2d5ecb\" data-element_type=\"widget\" data-widget_type=\"text-editor.default\">\n\t\t\t\t<div class=\"elementor-widget-container\">\n\t\t\t\t\t\t\t\t\t<p>Plasmionique propose une vari\u00e9t\u00e9 de mat\u00e9riaux pour l&rsquo;\u00e9vaporation et la pulv\u00e9risation cathodique. Vous trouverez ci-dessous une liste non exhaustive des mat\u00e9riaux que nous proposons pour vos applications. N\u2019h\u00e9sitez pas \u00e0 nous contacter pour un devis ou des informations compl\u00e9mentaires.<\/p>\t\t\t\t\t\t\t\t<\/div>\n\t\t\t\t<\/div>\n\t\t\t\t\t<\/div>\n\t\t\t\t<\/div>\n\t\t\t\t<div class=\"elementor-element elementor-element-84d2 elementor-absolute elementor-widget elementor-widget-button\" data-id=\"84d2\" data-element_type=\"widget\" data-settings=\"{&quot;_position&quot;:&quot;absolute&quot;}\" data-widget_type=\"button.default\">\n\t\t\t\t<div class=\"elementor-widget-container\">\n\t\t\t\t\t\t\t\t\t<div class=\"elementor-button-wrapper\">\n\t\t\t\t\t<a class=\"elementor-button elementor-button-link elementor-size-sm\" href=\"#formulaire\">\n\t\t\t\t\t\t<span class=\"elementor-button-content-wrapper\">\n\t\t\t\t\t\t<span class=\"elementor-button-icon\">\n\t\t\t\t<i aria-hidden=\"true\" class=\"fas fa-angle-right\"><\/i>\t\t\t<\/span>\n\t\t\t\t\t\t\t\t\t<span class=\"elementor-button-text\">Demande de soumission<\/span>\n\t\t\t\t\t<\/span>\n\t\t\t\t\t<\/a>\n\t\t\t\t<\/div>\n\t\t\t\t\t\t\t\t<\/div>\n\t\t\t\t<\/div>\n\t\t\t\t\t<\/div>\n\t\t\t\t<\/div>\n\t\t\t\t<\/div>\n\t\t<div class=\"elementor-element elementor-element-213d3290 e-con-full e-flex e-con e-child\" data-id=\"213d3290\" data-element_type=\"container\" data-settings=\"{&quot;background_background&quot;:&quot;classic&quot;}\">\n\t\t<div class=\"elementor-element elementor-element-2343e2dc e-flex e-con-boxed e-con e-child\" data-id=\"2343e2dc\" data-element_type=\"container\" data-settings=\"{&quot;background_background&quot;:&quot;classic&quot;}\">\n\t\t\t\t\t<div class=\"e-con-inner\">\n\t\t\t\t<div class=\"elementor-element elementor-element-38e4c8d6 elementor-widget elementor-widget-image\" data-id=\"38e4c8d6\" data-element_type=\"widget\" data-widget_type=\"image.default\">\n\t\t\t\t<div class=\"elementor-widget-container\">\n\t\t\t\t\t\t\t\t\t\t\t\t\t\t\t<img fetchpriority=\"high\" decoding=\"async\" width=\"793\" height=\"595\" src=\"https:\/\/plasmionique.com\/wp-content\/uploads\/2024\/05\/pvd-magnetron-sputtering.png.jpg\" class=\"attachment-full size-full wp-image-2560\" alt=\"\" srcset=\"https:\/\/plasmionique.com\/wp-content\/uploads\/2024\/05\/pvd-magnetron-sputtering.png.jpg 793w, https:\/\/plasmionique.com\/wp-content\/uploads\/2024\/05\/pvd-magnetron-sputtering.png-300x225.jpg 300w, https:\/\/plasmionique.com\/wp-content\/uploads\/2024\/05\/pvd-magnetron-sputtering.png-768x576.jpg 768w\" sizes=\"(max-width: 793px) 100vw, 793px\" \/>\t\t\t\t\t\t\t\t\t\t\t\t\t\t\t<\/div>\n\t\t\t\t<\/div>\n\t\t\t\t\t<\/div>\n\t\t\t\t<\/div>\n\t\t\t\t<\/div>\n\t\t\t\t\t<\/div>\n\t\t\t\t<\/section>\n\t\t<div class=\"elementor-element elementor-element-753925e1 e-flex e-con-boxed e-con e-parent\" data-id=\"753925e1\" data-element_type=\"container\">\n\t\t\t\t\t<div class=\"e-con-inner\">\n\t\t<div class=\"elementor-element elementor-element-645b8eff e-con-full e-flex e-con e-child\" data-id=\"645b8eff\" data-element_type=\"container\">\n\t\t\t\t<div class=\"elementor-element elementor-element-6f6761c elementor-widget elementor-widget-image\" data-id=\"6f6761c\" data-element_type=\"widget\" data-widget_type=\"image.default\">\n\t\t\t\t<div class=\"elementor-widget-container\">\n\t\t\t\t\t\t\t\t\t\t\t\t\t\t\t<img decoding=\"async\" width=\"449\" height=\"972\" src=\"https:\/\/plasmionique.com\/wp-content\/uploads\/2024\/07\/tech-specs-deposition-mats-FR.jpg\" class=\"attachment-large size-large wp-image-2988\" alt=\"\" srcset=\"https:\/\/plasmionique.com\/wp-content\/uploads\/2024\/07\/tech-specs-deposition-mats-FR.jpg 449w, https:\/\/plasmionique.com\/wp-content\/uploads\/2024\/07\/tech-specs-deposition-mats-FR-139x300.jpg 139w\" sizes=\"(max-width: 449px) 100vw, 449px\" \/>\t\t\t\t\t\t\t\t\t\t\t\t\t\t\t<\/div>\n\t\t\t\t<\/div>\n\t\t\t\t<\/div>\n\t\t\t\t\t<\/div>\n\t\t\t\t<\/div>\n\t\t<div class=\"elementor-element elementor-element-7087c41a e-flex e-con-boxed e-con e-parent\" data-id=\"7087c41a\" data-element_type=\"container\">\n\t\t\t\t\t<div class=\"e-con-inner\">\n\t\t<div class=\"elementor-element elementor-element-2a77f0a5 e-con-full e-flex e-con e-child\" data-id=\"2a77f0a5\" data-element_type=\"container\" data-settings=\"{&quot;background_background&quot;:&quot;classic&quot;}\">\n\t\t<div class=\"elementor-element elementor-element-1c8beb86 left_bottom_gray_decor e-flex e-con-boxed e-con e-child\" data-id=\"1c8beb86\" data-element_type=\"container\" id=\"formulaire\" data-settings=\"{&quot;background_background&quot;:&quot;classic&quot;}\">\n\t\t\t\t\t<div class=\"e-con-inner\">\n\t\t\t\t<div class=\"elementor-element elementor-element-6e3bb954 elementor-widget elementor-widget-shortcode\" data-id=\"6e3bb954\" data-element_type=\"widget\" data-widget_type=\"shortcode.default\">\n\t\t\t\t<div class=\"elementor-widget-container\">\n\t\t\t\t\t\t\t<div class=\"elementor-shortcode\"><div class=\"frm_forms  with_frm_style frm_style_formidable-style\" id=\"frm_form_4_container\" data-token=\"2ef4f3f93d1ebbdf3047a7358c97d0c2\">\n<form enctype=\"multipart\/form-data\" method=\"post\" class=\"frm-show-form  frm_js_validate  frm_ajax_submit  frm_pro_form \" id=\"form_p600l\" data-token=\"2ef4f3f93d1ebbdf3047a7358c97d0c2\">\n<div class=\"frm_form_fields \">\n<fieldset>\n<legend class=\"frm_screen_reader\">Contact form fr<\/legend>\r\n\r\n<div class=\"frm_fields_container\">\n<input type=\"hidden\" name=\"frm_action\" value=\"create\" \/>\n<input type=\"hidden\" name=\"form_id\" value=\"4\" \/>\n<input type=\"hidden\" name=\"frm_hide_fields_4\" id=\"frm_hide_fields_4\" value=\"\" \/>\n<input type=\"hidden\" name=\"form_key\" value=\"p600l\" \/>\n<input type=\"hidden\" name=\"item_meta[0]\" value=\"\" \/>\n<input type=\"hidden\" id=\"frm_submit_entry_4\" name=\"frm_submit_entry_4\" value=\"ee06f34c8a\" \/><input type=\"hidden\" name=\"_wp_http_referer\" value=\"\/fr\/wp-json\/wp\/v2\/pages\/2809\" \/><div id=\"frm_field_21_container\" class=\"frm_form_field form-field  frm_required_field frm_inside_container frm6 frm_first\">\r\n    <label for=\"field_c47v62\" id=\"field_c47v62_label\" class=\"frm_primary_label\">Nom Complet\r\n        <span class=\"frm_required\" aria-hidden=\"true\">*<\/span>\r\n    <\/label>\r\n    <input  type=\"text\" id=\"field_c47v62\" name=\"item_meta[21]\" value=\"\"  data-reqmsg=\"Ce champ ne peut pas \u00eatre vide.\" aria-required=\"true\" data-invmsg=\"Text is invalid\" aria-invalid=\"false\"   \/>\r\n    \r\n    \r\n<\/div>\n<div id=\"frm_field_22_container\" class=\"frm_form_field form-field  frm_required_field frm_inside_container frm6\">\r\n    <label for=\"field_msgly2\" id=\"field_msgly2_label\" class=\"frm_primary_label\">Institution\r\n        <span class=\"frm_required\" aria-hidden=\"true\">*<\/span>\r\n    <\/label>\r\n    <input  type=\"text\" id=\"field_msgly2\" name=\"item_meta[22]\" value=\"\"  data-reqmsg=\"Ce champ ne peut pas \u00eatre vide.\" aria-required=\"true\" data-invmsg=\"Text is invalid\" aria-invalid=\"false\"   \/>\r\n    \r\n    \r\n<\/div>\n<div id=\"frm_field_23_container\" class=\"frm_form_field form-field  frm_required_field frm_inside_container frm6 frm_first\">\r\n    <label for=\"field_qjnjv2\" id=\"field_qjnjv2_label\" class=\"frm_primary_label\">Courriel\r\n        <span class=\"frm_required\" aria-hidden=\"true\">*<\/span>\r\n    <\/label>\r\n    <input type=\"email\" id=\"field_qjnjv2\" name=\"item_meta[23]\" value=\"\"  data-reqmsg=\"Ce champ ne peut pas \u00eatre vide.\" aria-required=\"true\" data-invmsg=\"Courriel n&#039;est pas valide\" aria-invalid=\"false\"  \/>\r\n    \r\n    \r\n<\/div>\n<div id=\"frm_field_24_container\" class=\"frm_form_field form-field  frm_inside_container frm6\">\r\n    <label for=\"field_f6zgx2\" id=\"field_f6zgx2_label\" class=\"frm_primary_label\">Adresse\r\n        <span class=\"frm_required\" aria-hidden=\"true\"><\/span>\r\n    <\/label>\r\n    <input  type=\"text\" id=\"field_f6zgx2\" name=\"item_meta[24]\" value=\"\"  data-invmsg=\"Text is invalid\" aria-invalid=\"false\"   \/>\r\n    \r\n    \r\n<\/div>\n<div id=\"frm_field_25_container\" class=\"frm_form_field form-field  frm_inside_container frm_label_float_top frm6 frm_first\">\r\n    <label for=\"field_r1kyb2\" id=\"field_r1kyb2_label\" class=\"frm_primary_label\">Pays\r\n        <span class=\"frm_required\" aria-hidden=\"true\"><\/span>\r\n    <\/label>\r\n    \t\t<select name=\"item_meta[25]\" id=\"field_r1kyb2\"  data-frmval=\"Canada\" data-invmsg=\"Pays est non valide\" aria-invalid=\"false\"  >\n\t\t<option  value=\"Canada\" selected='selected'>Canada<\/option><option  value=\"\u00c9tats-Unis\">\u00c9tats-Unis<\/option><option  value=\"Autre\">Autre<\/option>\t<\/select>\n\t\r\n    \r\n    \r\n<\/div>\n<div id=\"frm_field_26_container\" class=\"frm_form_field form-field  frm_inside_container frm6\">\r\n    <label for=\"field_h3blc2\" id=\"field_h3blc2_label\" class=\"frm_primary_label\">\u00c9tat\/Province\r\n        <span class=\"frm_required\" aria-hidden=\"true\"><\/span>\r\n    <\/label>\r\n    <input  type=\"text\" id=\"field_h3blc2\" name=\"item_meta[26]\" value=\"\"  data-invmsg=\"Text is invalid\" aria-invalid=\"false\"   \/>\r\n    \r\n    \r\n<\/div>\n<div id=\"frm_field_27_container\" class=\"frm_form_field form-field  frm_inside_container frm6 frm_first\">\r\n    <label for=\"field_52s3q2\" id=\"field_52s3q2_label\" class=\"frm_primary_label\">Proc\u00e9d\u00e9s d\u00e9sir\u00e9s\r\n        <span class=\"frm_required\" aria-hidden=\"true\"><\/span>\r\n    <\/label>\r\n    <input  type=\"text\" id=\"field_52s3q2\" name=\"item_meta[27]\" value=\"\"  data-invmsg=\"Text is invalid\" aria-invalid=\"false\"   \/>\r\n    \r\n    \r\n<\/div>\n<div id=\"frm_field_28_container\" class=\"frm_form_field form-field  frm_inside_container frm6\">\r\n    <label for=\"field_z4r1l2\" id=\"field_z4r1l2_label\" class=\"frm_primary_label\">Taille du produit d\u00e9sir\u00e9 (pouces)\r\n        <span class=\"frm_required\" aria-hidden=\"true\"><\/span>\r\n    <\/label>\r\n    <input type=\"number\" id=\"field_z4r1l2\" name=\"item_meta[28]\" value=\"\" data-invmsg=\"Number is invalid\" aria-invalid=\"false\"   min=\"0\" max=\"9999999\" step=\"any\" \/>\r\n    \r\n    \r\n<\/div>\n<div id=\"frm_field_29_container\" class=\"frm_form_field form-field  frm_inside_container\">\r\n    <label for=\"field_r1kor2\" id=\"field_r1kor2_label\" class=\"frm_primary_label\">Autre:\r\n        <span class=\"frm_required\" aria-hidden=\"true\"><\/span>\r\n    <\/label>\r\n    <textarea name=\"item_meta[29]\" id=\"field_r1kor2\" rows=\"5\"  data-invmsg=\"Paragraph is invalid\" aria-invalid=\"false\"  ><\/textarea>\r\n    \r\n    \r\n<\/div>\n<div id=\"frm_field_41_container\" class=\"frm_form_field form-field \">\n\t<div class=\"frm_submit\">\r\n\r\n<button class=\"frm_button_submit frm_final_submit\" type=\"submit\"   formnovalidate=\"formnovalidate\">Envoyer<\/button>\r\n\r\n\r\n<\/div>\n<\/div>\n\t<input type=\"hidden\" name=\"item_key\" value=\"\" \/>\n\t\t\t\t<div class=\"frm__6698046c1a5e3\">\n\t\t\t\t<label for=\"frm_email_4\" >\n\t\t\t\t\tSi vous \u00eates un humain, ne remplissez pas ce champ.\t\t\t\t<\/label>\n\t\t\t\t<input  id=\"frm_email_4\" type=\"email\" class=\"frm_verify\" name=\"frm__6698046c1a5e3\" value=\"\"  \/>\n\t\t\t<\/div>\n\t\t<input name=\"frm_state\" type=\"hidden\" value=\"p7FS7fSQKlndKXjP1OiDI+zu6qMwvbJQuuSnsYHuH9E=\" \/><\/div>\n<\/fieldset>\n<\/div>\n\n<\/form>\n<\/div>\n<\/div>\n\t\t\t\t\t\t<\/div>\n\t\t\t\t<\/div>\n\t\t\t\t\t<\/div>\n\t\t\t\t<\/div>\n\t\t\t\t<\/div>\n\t\t<div class=\"elementor-element elementor-element-428000d5 e-con-full e-flex e-con e-child\" data-id=\"428000d5\" data-element_type=\"container\">\n\t\t\t\t<div class=\"elementor-element elementor-element-6085a8c5 elementor-widget elementor-widget-heading\" data-id=\"6085a8c5\" data-element_type=\"widget\" data-widget_type=\"heading.default\">\n\t\t\t\t<div class=\"elementor-widget-container\">\n\t\t\t\t\t<h2 class=\"elementor-heading-title elementor-size-default\">Demande d'informations ou de soumission<\/h2>\t\t\t\t<\/div>\n\t\t\t\t<\/div>\n\t\t\t\t<div class=\"elementor-element elementor-element-212bd7b9 elementor-widget elementor-widget-text-editor\" data-id=\"212bd7b9\" data-element_type=\"widget\" data-widget_type=\"text-editor.default\">\n\t\t\t\t<div class=\"elementor-widget-container\">\n\t\t\t\t\t\t\t\t\t<div class=\"flex flex-grow flex-col max-w-full\"><div class=\"min-h-[20px] text-message flex flex-col items-start whitespace-pre-wrap break-words [.text-message+&amp;]:mt-5 juice:w-full juice:items-end overflow-x-auto gap-2\" dir=\"auto\" data-message-author-role=\"assistant\" data-message-id=\"31c6df9c-432b-4fab-bdd8-0b3d1f718734\"><div class=\"flex w-full flex-col gap-1 juice:empty:hidden juice:first:pt-[3px]\"><div class=\"markdown prose w-full break-words dark:prose-invert light\"><p>Vous souhaitez en savoir plus sur nos produits ou avez besoin d&rsquo;une solution sur mesure ?<\/p><p>Contactez-nous pour obtenir des informations d\u00e9taill\u00e9es et un devis personnalis\u00e9. Notre \u00e9quipe est pr\u00eate \u00e0 vous aider avec vos besoins sp\u00e9cifiques et \u00e0 vous fournir des conseils d&rsquo;experts sur nos technologies avanc\u00e9es.<\/p><\/div><\/div><\/div><\/div>\t\t\t\t\t\t\t\t<\/div>\n\t\t\t\t<\/div>\n\t\t\t\t<\/div>\n\t\t\t\t\t<\/div>\n\t\t\t\t<\/div>\n\t\t\t\t<\/div>\n\t\t","protected":false},"excerpt":{"rendered":"<p>Mat\u00e9riaux de d\u00e9p\u00f4t Plasmionique propose une vari\u00e9t\u00e9 de mat\u00e9riaux pour l&rsquo;\u00e9vaporation et la pulv\u00e9risation cathodique. Vous trouverez ci-dessous une liste non exhaustive des mat\u00e9riaux que nous proposons pour vos applications. N\u2019h\u00e9sitez pas \u00e0 nous contacter pour un devis ou des informations compl\u00e9mentaires. Demande de soumission Demande d&rsquo;informations ou de soumission Vous souhaitez en savoir plus&#8230;<\/p>\n","protected":false},"author":5,"featured_media":0,"parent":0,"menu_order":4,"comment_status":"closed","ping_status":"closed","template":"","meta":{"_acf_changed":false,"footnotes":""},"class_list":["post-2809","page","type-page","status-publish","hentry"],"acf":[],"yoast_head":"<!-- This site is optimized with the Yoast SEO plugin v24.5 - https:\/\/yoast.com\/wordpress\/plugins\/seo\/ -->\n<title>Mat\u00e9riaux de d\u00e9p\u00f4t - Plasmionique<\/title>\n<meta name=\"robots\" content=\"index, follow, max-snippet:-1, max-image-preview:large, max-video-preview:-1\" \/>\n<link rel=\"canonical\" href=\"https:\/\/plasmionique.com\/fr\/deposition-materials-fr\/\" \/>\n<meta property=\"og:locale\" content=\"fr_FR\" \/>\n<meta property=\"og:type\" content=\"article\" \/>\n<meta property=\"og:title\" content=\"Mat\u00e9riaux de d\u00e9p\u00f4t - Plasmionique\" \/>\n<meta property=\"og:description\" content=\"Mat\u00e9riaux de d\u00e9p\u00f4t Plasmionique propose une vari\u00e9t\u00e9 de mat\u00e9riaux pour l&rsquo;\u00e9vaporation et la pulv\u00e9risation cathodique. Vous trouverez ci-dessous une liste non exhaustive des mat\u00e9riaux que nous proposons pour vos applications. N\u2019h\u00e9sitez pas \u00e0 nous contacter pour un devis ou des informations compl\u00e9mentaires. Demande de soumission Demande d&rsquo;informations ou de soumission Vous souhaitez en savoir plus...\" \/>\n<meta property=\"og:url\" content=\"https:\/\/plasmionique.com\/fr\/deposition-materials-fr\/\" \/>\n<meta property=\"og:site_name\" content=\"Plasmionique\" \/>\n<meta property=\"article:modified_time\" content=\"2024-07-24T15:57:15+00:00\" \/>\n<meta property=\"og:image\" content=\"https:\/\/plasmionique.com\/wp-content\/uploads\/2024\/05\/pvd-magnetron-sputtering.png.jpg\" \/>\n<meta name=\"twitter:card\" content=\"summary_large_image\" \/>\n<meta name=\"twitter:label1\" content=\"Dur\u00e9e de lecture estim\u00e9e\" \/>\n\t<meta name=\"twitter:data1\" content=\"1 minute\" \/>\n<script type=\"application\/ld+json\" class=\"yoast-schema-graph\">{\"@context\":\"https:\/\/schema.org\",\"@graph\":[{\"@type\":\"WebPage\",\"@id\":\"https:\/\/plasmionique.com\/fr\/deposition-materials-fr\/\",\"url\":\"https:\/\/plasmionique.com\/fr\/deposition-materials-fr\/\",\"name\":\"Mat\u00e9riaux de d\u00e9p\u00f4t - Plasmionique\",\"isPartOf\":{\"@id\":\"https:\/\/plasmionique.com\/#website\"},\"primaryImageOfPage\":{\"@id\":\"https:\/\/plasmionique.com\/fr\/deposition-materials-fr\/#primaryimage\"},\"image\":{\"@id\":\"https:\/\/plasmionique.com\/fr\/deposition-materials-fr\/#primaryimage\"},\"thumbnailUrl\":\"https:\/\/plasmionique.com\/wp-content\/uploads\/2024\/05\/pvd-magnetron-sputtering.png.jpg\",\"datePublished\":\"2024-06-04T20:16:27+00:00\",\"dateModified\":\"2024-07-24T15:57:15+00:00\",\"breadcrumb\":{\"@id\":\"https:\/\/plasmionique.com\/fr\/deposition-materials-fr\/#breadcrumb\"},\"inLanguage\":\"fr-FR\",\"potentialAction\":[{\"@type\":\"ReadAction\",\"target\":[\"https:\/\/plasmionique.com\/fr\/deposition-materials-fr\/\"]}]},{\"@type\":\"ImageObject\",\"inLanguage\":\"fr-FR\",\"@id\":\"https:\/\/plasmionique.com\/fr\/deposition-materials-fr\/#primaryimage\",\"url\":\"https:\/\/plasmionique.com\/wp-content\/uploads\/2024\/05\/pvd-magnetron-sputtering.png.jpg\",\"contentUrl\":\"https:\/\/plasmionique.com\/wp-content\/uploads\/2024\/05\/pvd-magnetron-sputtering.png.jpg\"},{\"@type\":\"BreadcrumbList\",\"@id\":\"https:\/\/plasmionique.com\/fr\/deposition-materials-fr\/#breadcrumb\",\"itemListElement\":[{\"@type\":\"ListItem\",\"position\":1,\"name\":\"Home\",\"item\":\"https:\/\/plasmionique.com\/fr\/\"},{\"@type\":\"ListItem\",\"position\":2,\"name\":\"Mat\u00e9riaux de d\u00e9p\u00f4t\"}]},{\"@type\":\"WebSite\",\"@id\":\"https:\/\/plasmionique.com\/#website\",\"url\":\"https:\/\/plasmionique.com\/\",\"name\":\"Plasmionique\",\"description\":\"\",\"publisher\":{\"@id\":\"https:\/\/plasmionique.com\/#organization\"},\"potentialAction\":[{\"@type\":\"SearchAction\",\"target\":{\"@type\":\"EntryPoint\",\"urlTemplate\":\"https:\/\/plasmionique.com\/?s={search_term_string}\"},\"query-input\":{\"@type\":\"PropertyValueSpecification\",\"valueRequired\":true,\"valueName\":\"search_term_string\"}}],\"inLanguage\":\"fr-FR\"},{\"@type\":\"Organization\",\"@id\":\"https:\/\/plasmionique.com\/#organization\",\"name\":\"Plasmionique\",\"url\":\"https:\/\/plasmionique.com\/\",\"logo\":{\"@type\":\"ImageObject\",\"inLanguage\":\"fr-FR\",\"@id\":\"https:\/\/plasmionique.com\/#\/schema\/logo\/image\/\",\"url\":\"https:\/\/plasmionique.com\/wp-content\/uploads\/2024\/05\/plasmionique-new-logo.png\",\"contentUrl\":\"https:\/\/plasmionique.com\/wp-content\/uploads\/2024\/05\/plasmionique-new-logo.png\",\"width\":200,\"height\":35,\"caption\":\"Plasmionique\"},\"image\":{\"@id\":\"https:\/\/plasmionique.com\/#\/schema\/logo\/image\/\"}}]}<\/script>\n<!-- \/ Yoast SEO plugin. -->","yoast_head_json":{"title":"Mat\u00e9riaux de d\u00e9p\u00f4t - Plasmionique","robots":{"index":"index","follow":"follow","max-snippet":"max-snippet:-1","max-image-preview":"max-image-preview:large","max-video-preview":"max-video-preview:-1"},"canonical":"https:\/\/plasmionique.com\/fr\/deposition-materials-fr\/","og_locale":"fr_FR","og_type":"article","og_title":"Mat\u00e9riaux de d\u00e9p\u00f4t - Plasmionique","og_description":"Mat\u00e9riaux de d\u00e9p\u00f4t Plasmionique propose une vari\u00e9t\u00e9 de mat\u00e9riaux pour l&rsquo;\u00e9vaporation et la pulv\u00e9risation cathodique. Vous trouverez ci-dessous une liste non exhaustive des mat\u00e9riaux que nous proposons pour vos applications. N\u2019h\u00e9sitez pas \u00e0 nous contacter pour un devis ou des informations compl\u00e9mentaires. Demande de soumission Demande d&rsquo;informations ou de soumission Vous souhaitez en savoir plus...","og_url":"https:\/\/plasmionique.com\/fr\/deposition-materials-fr\/","og_site_name":"Plasmionique","article_modified_time":"2024-07-24T15:57:15+00:00","og_image":[{"url":"https:\/\/plasmionique.com\/wp-content\/uploads\/2024\/05\/pvd-magnetron-sputtering.png.jpg","type":"","width":"","height":""}],"twitter_card":"summary_large_image","twitter_misc":{"Dur\u00e9e de lecture estim\u00e9e":"1 minute"},"schema":{"@context":"https:\/\/schema.org","@graph":[{"@type":"WebPage","@id":"https:\/\/plasmionique.com\/fr\/deposition-materials-fr\/","url":"https:\/\/plasmionique.com\/fr\/deposition-materials-fr\/","name":"Mat\u00e9riaux de d\u00e9p\u00f4t - Plasmionique","isPartOf":{"@id":"https:\/\/plasmionique.com\/#website"},"primaryImageOfPage":{"@id":"https:\/\/plasmionique.com\/fr\/deposition-materials-fr\/#primaryimage"},"image":{"@id":"https:\/\/plasmionique.com\/fr\/deposition-materials-fr\/#primaryimage"},"thumbnailUrl":"https:\/\/plasmionique.com\/wp-content\/uploads\/2024\/05\/pvd-magnetron-sputtering.png.jpg","datePublished":"2024-06-04T20:16:27+00:00","dateModified":"2024-07-24T15:57:15+00:00","breadcrumb":{"@id":"https:\/\/plasmionique.com\/fr\/deposition-materials-fr\/#breadcrumb"},"inLanguage":"fr-FR","potentialAction":[{"@type":"ReadAction","target":["https:\/\/plasmionique.com\/fr\/deposition-materials-fr\/"]}]},{"@type":"ImageObject","inLanguage":"fr-FR","@id":"https:\/\/plasmionique.com\/fr\/deposition-materials-fr\/#primaryimage","url":"https:\/\/plasmionique.com\/wp-content\/uploads\/2024\/05\/pvd-magnetron-sputtering.png.jpg","contentUrl":"https:\/\/plasmionique.com\/wp-content\/uploads\/2024\/05\/pvd-magnetron-sputtering.png.jpg"},{"@type":"BreadcrumbList","@id":"https:\/\/plasmionique.com\/fr\/deposition-materials-fr\/#breadcrumb","itemListElement":[{"@type":"ListItem","position":1,"name":"Home","item":"https:\/\/plasmionique.com\/fr\/"},{"@type":"ListItem","position":2,"name":"Mat\u00e9riaux de d\u00e9p\u00f4t"}]},{"@type":"WebSite","@id":"https:\/\/plasmionique.com\/#website","url":"https:\/\/plasmionique.com\/","name":"Plasmionique","description":"","publisher":{"@id":"https:\/\/plasmionique.com\/#organization"},"potentialAction":[{"@type":"SearchAction","target":{"@type":"EntryPoint","urlTemplate":"https:\/\/plasmionique.com\/?s={search_term_string}"},"query-input":{"@type":"PropertyValueSpecification","valueRequired":true,"valueName":"search_term_string"}}],"inLanguage":"fr-FR"},{"@type":"Organization","@id":"https:\/\/plasmionique.com\/#organization","name":"Plasmionique","url":"https:\/\/plasmionique.com\/","logo":{"@type":"ImageObject","inLanguage":"fr-FR","@id":"https:\/\/plasmionique.com\/#\/schema\/logo\/image\/","url":"https:\/\/plasmionique.com\/wp-content\/uploads\/2024\/05\/plasmionique-new-logo.png","contentUrl":"https:\/\/plasmionique.com\/wp-content\/uploads\/2024\/05\/plasmionique-new-logo.png","width":200,"height":35,"caption":"Plasmionique"},"image":{"@id":"https:\/\/plasmionique.com\/#\/schema\/logo\/image\/"}}]}},"_links":{"self":[{"href":"https:\/\/plasmionique.com\/fr\/wp-json\/wp\/v2\/pages\/2809","targetHints":{"allow":["GET"]}}],"collection":[{"href":"https:\/\/plasmionique.com\/fr\/wp-json\/wp\/v2\/pages"}],"about":[{"href":"https:\/\/plasmionique.com\/fr\/wp-json\/wp\/v2\/types\/page"}],"author":[{"embeddable":true,"href":"https:\/\/plasmionique.com\/fr\/wp-json\/wp\/v2\/users\/5"}],"replies":[{"embeddable":true,"href":"https:\/\/plasmionique.com\/fr\/wp-json\/wp\/v2\/comments?post=2809"}],"version-history":[{"count":13,"href":"https:\/\/plasmionique.com\/fr\/wp-json\/wp\/v2\/pages\/2809\/revisions"}],"predecessor-version":[{"id":3387,"href":"https:\/\/plasmionique.com\/fr\/wp-json\/wp\/v2\/pages\/2809\/revisions\/3387"}],"wp:attachment":[{"href":"https:\/\/plasmionique.com\/fr\/wp-json\/wp\/v2\/media?parent=2809"}],"curies":[{"name":"wp","href":"https:\/\/api.w.org\/{rel}","templated":true}]}}