{"id":2797,"date":"2024-06-04T20:07:09","date_gmt":"2024-06-04T20:07:09","guid":{"rendered":"https:\/\/plasmionique.com\/substrate-mount-assemblies-fr\/"},"modified":"2024-07-15T14:56:39","modified_gmt":"2024-07-15T14:56:39","slug":"substrate-mount-assemblies-fr","status":"publish","type":"page","link":"https:\/\/plasmionique.com\/fr\/substrate-mount-assemblies-fr\/","title":{"rendered":"Ensembles de monture de substrat"},"content":{"rendered":"\t\t<div data-elementor-type=\"wp-page\" data-elementor-id=\"2797\" class=\"elementor elementor-2797 elementor-1841\" data-elementor-post-type=\"page\">\n\t\t\t\t<section class=\"elementor-element elementor-element-6ff07e61 page_banner_section e-flex e-con-boxed e-con e-parent\" data-id=\"6ff07e61\" data-element_type=\"container\">\n\t\t\t\t\t<div class=\"e-con-inner\">\n\t\t<div class=\"elementor-element elementor-element-57bfabd7 e-con-full banner_content_column e-flex e-con e-child\" data-id=\"57bfabd7\" data-element_type=\"container\" data-settings=\"{&quot;background_background&quot;:&quot;classic&quot;}\">\n\t\t<div class=\"elementor-element elementor-element-59dd7896 left_bottom_red_border e-flex e-con-boxed e-con e-child\" data-id=\"59dd7896\" data-element_type=\"container\">\n\t\t\t\t\t<div class=\"e-con-inner\">\n\t\t<div class=\"elementor-element elementor-element-5ac9184b e-flex e-con-boxed e-con e-child\" data-id=\"5ac9184b\" data-element_type=\"container\">\n\t\t\t\t\t<div class=\"e-con-inner\">\n\t\t\t\t<div class=\"elementor-element elementor-element-227867b6 elementor-widget elementor-widget-heading\" data-id=\"227867b6\" data-element_type=\"widget\" data-widget_type=\"heading.default\">\n\t\t\t\t<div class=\"elementor-widget-container\">\n\t\t\t\t\t<h1 class=\"elementor-heading-title elementor-size-default\">Ensembles de montures de substrat<\/h1>\t\t\t\t<\/div>\n\t\t\t\t<\/div>\n\t\t\t\t<div class=\"elementor-element elementor-element-1dcb3b03 elementor-widget elementor-widget-text-editor\" data-id=\"1dcb3b03\" data-element_type=\"widget\" data-widget_type=\"text-editor.default\">\n\t\t\t\t<div class=\"elementor-widget-container\">\n\t\t\t\t\t\t\t\t\t<p>La conception du porte-substrat influence l&rsquo;uniformit\u00e9 et les caract\u00e9ristiques du film. Votre application d\u00e9terminera quelles fonctionnalit\u00e9s sont importantes.<\/p>\t\t\t\t\t\t\t\t<\/div>\n\t\t\t\t<\/div>\n\t\t\t\t\t<\/div>\n\t\t\t\t<\/div>\n\t\t\t\t<div class=\"elementor-element elementor-element-5c18ae5b elementor-absolute elementor-widget elementor-widget-button\" data-id=\"5c18ae5b\" data-element_type=\"widget\" data-settings=\"{&quot;_position&quot;:&quot;absolute&quot;}\" data-widget_type=\"button.default\">\n\t\t\t\t<div class=\"elementor-widget-container\">\n\t\t\t\t\t\t\t\t\t<div class=\"elementor-button-wrapper\">\n\t\t\t\t\t<a class=\"elementor-button elementor-button-link elementor-size-sm\" href=\"#formulaire\">\n\t\t\t\t\t\t<span class=\"elementor-button-content-wrapper\">\n\t\t\t\t\t\t<span class=\"elementor-button-icon\">\n\t\t\t\t<i aria-hidden=\"true\" class=\"fas fa-angle-right\"><\/i>\t\t\t<\/span>\n\t\t\t\t\t\t\t\t\t<span class=\"elementor-button-text\">Demande de soumission<\/span>\n\t\t\t\t\t<\/span>\n\t\t\t\t\t<\/a>\n\t\t\t\t<\/div>\n\t\t\t\t\t\t\t\t<\/div>\n\t\t\t\t<\/div>\n\t\t\t\t\t<\/div>\n\t\t\t\t<\/div>\n\t\t\t\t<\/div>\n\t\t<div class=\"elementor-element elementor-element-42853641 e-con-full e-flex e-con e-child\" data-id=\"42853641\" data-element_type=\"container\" data-settings=\"{&quot;background_background&quot;:&quot;classic&quot;}\">\n\t\t<div class=\"elementor-element elementor-element-1a59d244 e-flex e-con-boxed e-con e-child\" data-id=\"1a59d244\" data-element_type=\"container\" data-settings=\"{&quot;background_background&quot;:&quot;classic&quot;}\">\n\t\t\t\t\t<div class=\"e-con-inner\">\n\t\t\t\t<div class=\"elementor-element elementor-element-441f53b2 elementor-widget elementor-widget-image\" data-id=\"441f53b2\" data-element_type=\"widget\" data-widget_type=\"image.default\">\n\t\t\t\t<div class=\"elementor-widget-container\">\n\t\t\t\t\t\t\t\t\t\t\t\t\t\t\t<img fetchpriority=\"high\" decoding=\"async\" width=\"793\" height=\"595\" src=\"https:\/\/plasmionique.com\/wp-content\/uploads\/2024\/06\/substrate-mount.jpg\" class=\"attachment-full size-full wp-image-2597\" alt=\"\" srcset=\"https:\/\/plasmionique.com\/wp-content\/uploads\/2024\/06\/substrate-mount.jpg 793w, https:\/\/plasmionique.com\/wp-content\/uploads\/2024\/06\/substrate-mount-300x225.jpg 300w, https:\/\/plasmionique.com\/wp-content\/uploads\/2024\/06\/substrate-mount-768x576.jpg 768w\" sizes=\"(max-width: 793px) 100vw, 793px\" \/>\t\t\t\t\t\t\t\t\t\t\t\t\t\t\t<\/div>\n\t\t\t\t<\/div>\n\t\t\t\t\t<\/div>\n\t\t\t\t<\/div>\n\t\t\t\t<\/div>\n\t\t\t\t\t<\/div>\n\t\t\t\t<\/section>\n\t\t<div class=\"elementor-element elementor-element-41d104c0 e-flex e-con-boxed e-con e-parent\" data-id=\"41d104c0\" data-element_type=\"container\">\n\t\t\t\t\t<div class=\"e-con-inner\">\n\t\t<div class=\"elementor-element elementor-element-370fa6e2 e-con-full e-flex e-con e-child\" data-id=\"370fa6e2\" data-element_type=\"container\">\n\t\t\t\t<div class=\"elementor-element elementor-element-55136c11 elementor-widget elementor-widget-text-editor\" data-id=\"55136c11\" data-element_type=\"widget\" data-widget_type=\"text-editor.default\">\n\t\t\t\t<div class=\"elementor-widget-container\">\n\t\t\t\t\t\t\t\t\t<p>La conception de notre porte-substrat int\u00e9grera les caract\u00e9ristiques qui r\u00e9pondent \u00e0 vos besoins sp\u00e9cifiques, notamment :<\/p><ul><li>La taille et la forme de l&rsquo;\u00e9chantillon<\/li><li>La plage de temp\u00e9rature de fonctionnement requise pour le substrat<\/li><li>L&rsquo;environnement de fonctionnement, qui influence la s\u00e9lection des mat\u00e9riaux pour le support du substrat et particuli\u00e8rement les \u00e9l\u00e9ments chauffants, si pr\u00e9sents.<\/li><li>La polarisation RF, DC et DC puls\u00e9, si n\u00e9cessaire<\/li><li>Le mouvement axial, si n\u00e9cessaire, ainsi que l\u2019amplitude de ce mouvement. Des options manuelles et automatis\u00e9es sont disponibles.<\/li><li>Le mouvement rotatif, si n\u00e9cessaire, incluant une rotation motoris\u00e9e du porte-substrat avec une vitesse r\u00e9glable jusqu&rsquo;\u00e0 20 tours par minute (la limite sup\u00e9rieure est d\u00e9finie dans le logiciel et pourrait \u00eatre plus \u00e9lev\u00e9e si la limite est une interface avec le logiciel de contr\u00f4le du proc\u00e9d\u00e9).<\/li><li>Des syst\u00e8mes de caches manuels ou automatis\u00e9s, ou des syst\u00e8mes de positionnement de masques d&rsquo;ombre, si n\u00e9cessaires.<\/li><\/ul>\t\t\t\t\t\t\t\t<\/div>\n\t\t\t\t<\/div>\n\t\t\t\t<\/div>\n\t\t\t\t\t<\/div>\n\t\t\t\t<\/div>\n\t\t<div class=\"elementor-element elementor-element-48c0a793 e-flex e-con-boxed e-con e-parent\" data-id=\"48c0a793\" data-element_type=\"container\">\n\t\t\t\t\t<div class=\"e-con-inner\">\n\t\t<div class=\"elementor-element elementor-element-31893b9a e-con-full e-flex e-con e-child\" data-id=\"31893b9a\" data-element_type=\"container\" data-settings=\"{&quot;background_background&quot;:&quot;classic&quot;}\">\n\t\t<div class=\"elementor-element elementor-element-dd8fc1a left_bottom_gray_decor e-flex e-con-boxed e-con e-child\" data-id=\"dd8fc1a\" data-element_type=\"container\" id=\"formulaire\" data-settings=\"{&quot;background_background&quot;:&quot;classic&quot;}\">\n\t\t\t\t\t<div class=\"e-con-inner\">\n\t\t\t\t<div class=\"elementor-element elementor-element-5525675c elementor-widget elementor-widget-shortcode\" data-id=\"5525675c\" data-element_type=\"widget\" data-widget_type=\"shortcode.default\">\n\t\t\t\t<div class=\"elementor-widget-container\">\n\t\t\t\t\t\t\t<div class=\"elementor-shortcode\"><div class=\"frm_forms  with_frm_style frm_style_formidable-style\" id=\"frm_form_4_container\" data-token=\"9adcd06e90c122aa2ab8fb57bca6f620\">\n<form enctype=\"multipart\/form-data\" method=\"post\" class=\"frm-show-form  frm_js_validate  frm_ajax_submit  frm_pro_form \" id=\"form_p600l\" data-token=\"9adcd06e90c122aa2ab8fb57bca6f620\">\n<div class=\"frm_form_fields \">\n<fieldset>\n<legend class=\"frm_screen_reader\">Contact form fr<\/legend>\r\n\r\n<div class=\"frm_fields_container\">\n<input type=\"hidden\" name=\"frm_action\" value=\"create\" \/>\n<input type=\"hidden\" name=\"form_id\" value=\"4\" \/>\n<input type=\"hidden\" name=\"frm_hide_fields_4\" id=\"frm_hide_fields_4\" value=\"\" \/>\n<input type=\"hidden\" name=\"form_key\" value=\"p600l\" \/>\n<input type=\"hidden\" name=\"item_meta[0]\" value=\"\" \/>\n<input type=\"hidden\" id=\"frm_submit_entry_4\" name=\"frm_submit_entry_4\" value=\"68477549da\" \/><input type=\"hidden\" name=\"_wp_http_referer\" value=\"\/fr\/wp-json\/wp\/v2\/pages\/2797\" \/><div id=\"frm_field_21_container\" class=\"frm_form_field form-field  frm_required_field frm_inside_container frm6 frm_first\">\r\n    <label for=\"field_c47v62\" id=\"field_c47v62_label\" class=\"frm_primary_label\">Nom Complet\r\n        <span class=\"frm_required\" aria-hidden=\"true\">*<\/span>\r\n    <\/label>\r\n    <input  type=\"text\" id=\"field_c47v62\" name=\"item_meta[21]\" value=\"\"  data-reqmsg=\"Ce champ ne peut pas \u00eatre vide.\" aria-required=\"true\" data-invmsg=\"Text is invalid\" aria-invalid=\"false\"   \/>\r\n    \r\n    \r\n<\/div>\n<div id=\"frm_field_22_container\" class=\"frm_form_field form-field  frm_required_field frm_inside_container frm6\">\r\n    <label for=\"field_msgly2\" id=\"field_msgly2_label\" class=\"frm_primary_label\">Institution\r\n        <span class=\"frm_required\" aria-hidden=\"true\">*<\/span>\r\n    <\/label>\r\n    <input  type=\"text\" id=\"field_msgly2\" name=\"item_meta[22]\" value=\"\"  data-reqmsg=\"Ce champ ne peut pas \u00eatre vide.\" aria-required=\"true\" data-invmsg=\"Text is invalid\" aria-invalid=\"false\"   \/>\r\n    \r\n    \r\n<\/div>\n<div id=\"frm_field_23_container\" class=\"frm_form_field form-field  frm_required_field frm_inside_container frm6 frm_first\">\r\n    <label for=\"field_qjnjv2\" id=\"field_qjnjv2_label\" class=\"frm_primary_label\">Courriel\r\n        <span class=\"frm_required\" aria-hidden=\"true\">*<\/span>\r\n    <\/label>\r\n    <input type=\"email\" id=\"field_qjnjv2\" name=\"item_meta[23]\" value=\"\"  data-reqmsg=\"Ce champ ne peut pas \u00eatre vide.\" aria-required=\"true\" data-invmsg=\"Courriel n&#039;est pas valide\" aria-invalid=\"false\"  \/>\r\n    \r\n    \r\n<\/div>\n<div id=\"frm_field_24_container\" class=\"frm_form_field form-field  frm_inside_container frm6\">\r\n    <label for=\"field_f6zgx2\" id=\"field_f6zgx2_label\" class=\"frm_primary_label\">Adresse\r\n        <span class=\"frm_required\" aria-hidden=\"true\"><\/span>\r\n    <\/label>\r\n    <input  type=\"text\" id=\"field_f6zgx2\" name=\"item_meta[24]\" value=\"\"  data-invmsg=\"Text is invalid\" aria-invalid=\"false\"   \/>\r\n    \r\n    \r\n<\/div>\n<div id=\"frm_field_25_container\" class=\"frm_form_field form-field  frm_inside_container frm_label_float_top frm6 frm_first\">\r\n    <label for=\"field_r1kyb2\" id=\"field_r1kyb2_label\" class=\"frm_primary_label\">Pays\r\n        <span class=\"frm_required\" aria-hidden=\"true\"><\/span>\r\n    <\/label>\r\n    \t\t<select name=\"item_meta[25]\" id=\"field_r1kyb2\"  data-frmval=\"Canada\" data-invmsg=\"Pays est non valide\" aria-invalid=\"false\"  >\n\t\t<option  value=\"Canada\" selected='selected'>Canada<\/option><option  value=\"\u00c9tats-Unis\">\u00c9tats-Unis<\/option><option  value=\"Autre\">Autre<\/option>\t<\/select>\n\t\r\n    \r\n    \r\n<\/div>\n<div id=\"frm_field_26_container\" class=\"frm_form_field form-field  frm_inside_container frm6\">\r\n    <label for=\"field_h3blc2\" id=\"field_h3blc2_label\" class=\"frm_primary_label\">\u00c9tat\/Province\r\n        <span class=\"frm_required\" aria-hidden=\"true\"><\/span>\r\n    <\/label>\r\n    <input  type=\"text\" id=\"field_h3blc2\" name=\"item_meta[26]\" value=\"\"  data-invmsg=\"Text is invalid\" aria-invalid=\"false\"   \/>\r\n    \r\n    \r\n<\/div>\n<div id=\"frm_field_27_container\" class=\"frm_form_field form-field  frm_inside_container frm6 frm_first\">\r\n    <label for=\"field_52s3q2\" id=\"field_52s3q2_label\" class=\"frm_primary_label\">Proc\u00e9d\u00e9s d\u00e9sir\u00e9s\r\n        <span class=\"frm_required\" aria-hidden=\"true\"><\/span>\r\n    <\/label>\r\n    <input  type=\"text\" id=\"field_52s3q2\" name=\"item_meta[27]\" value=\"\"  data-invmsg=\"Text is invalid\" aria-invalid=\"false\"   \/>\r\n    \r\n    \r\n<\/div>\n<div id=\"frm_field_28_container\" class=\"frm_form_field form-field  frm_inside_container frm6\">\r\n    <label for=\"field_z4r1l2\" id=\"field_z4r1l2_label\" class=\"frm_primary_label\">Taille du produit d\u00e9sir\u00e9 (pouces)\r\n        <span class=\"frm_required\" aria-hidden=\"true\"><\/span>\r\n    <\/label>\r\n    <input type=\"number\" id=\"field_z4r1l2\" name=\"item_meta[28]\" value=\"\" data-invmsg=\"Number is invalid\" aria-invalid=\"false\"   min=\"0\" max=\"9999999\" step=\"any\" \/>\r\n    \r\n    \r\n<\/div>\n<div id=\"frm_field_29_container\" class=\"frm_form_field form-field  frm_inside_container\">\r\n    <label for=\"field_r1kor2\" id=\"field_r1kor2_label\" class=\"frm_primary_label\">Autre:\r\n        <span class=\"frm_required\" aria-hidden=\"true\"><\/span>\r\n    <\/label>\r\n    <textarea name=\"item_meta[29]\" id=\"field_r1kor2\" rows=\"5\"  data-invmsg=\"Paragraph is invalid\" aria-invalid=\"false\"  ><\/textarea>\r\n    \r\n    \r\n<\/div>\n<div id=\"frm_field_41_container\" class=\"frm_form_field form-field \">\n\t<div class=\"frm_submit\">\r\n\r\n<button class=\"frm_button_submit frm_final_submit\" type=\"submit\"   formnovalidate=\"formnovalidate\">Envoyer<\/button>\r\n\r\n\r\n<\/div>\n<\/div>\n\t<input type=\"hidden\" name=\"item_key\" value=\"\" \/>\n\t\t\t\t<div class=\"frm__6698046c1a5e3\">\n\t\t\t\t<label for=\"frm_email_4\" >\n\t\t\t\t\tSi vous \u00eates un humain, ne remplissez pas ce champ.\t\t\t\t<\/label>\n\t\t\t\t<input  id=\"frm_email_4\" type=\"email\" class=\"frm_verify\" name=\"frm__6698046c1a5e3\" value=\"\"  \/>\n\t\t\t<\/div>\n\t\t<input name=\"frm_state\" type=\"hidden\" value=\"p7FS7fSQKlndKXjP1OiDI27QYPTA6ExFHawGDnR3cJU=\" \/><\/div>\n<\/fieldset>\n<\/div>\n\n<\/form>\n<\/div>\n<\/div>\n\t\t\t\t\t\t<\/div>\n\t\t\t\t<\/div>\n\t\t\t\t\t<\/div>\n\t\t\t\t<\/div>\n\t\t\t\t<\/div>\n\t\t<div class=\"elementor-element elementor-element-22778751 e-con-full e-flex e-con e-child\" data-id=\"22778751\" data-element_type=\"container\">\n\t\t\t\t<div class=\"elementor-element elementor-element-19a17923 elementor-widget elementor-widget-heading\" data-id=\"19a17923\" data-element_type=\"widget\" data-widget_type=\"heading.default\">\n\t\t\t\t<div class=\"elementor-widget-container\">\n\t\t\t\t\t<h2 class=\"elementor-heading-title elementor-size-default\">Demande d'informations ou de soumission<\/h2>\t\t\t\t<\/div>\n\t\t\t\t<\/div>\n\t\t\t\t<div class=\"elementor-element elementor-element-51b10d6a elementor-widget elementor-widget-text-editor\" data-id=\"51b10d6a\" data-element_type=\"widget\" data-widget_type=\"text-editor.default\">\n\t\t\t\t<div class=\"elementor-widget-container\">\n\t\t\t\t\t\t\t\t\t<div class=\"flex flex-grow flex-col max-w-full\"><div class=\"min-h-[20px] text-message flex flex-col items-start whitespace-pre-wrap break-words [.text-message+&amp;]:mt-5 juice:w-full juice:items-end overflow-x-auto gap-2\" dir=\"auto\" data-message-author-role=\"assistant\" data-message-id=\"31c6df9c-432b-4fab-bdd8-0b3d1f718734\"><div class=\"flex w-full flex-col gap-1 juice:empty:hidden juice:first:pt-[3px]\"><div class=\"markdown prose w-full break-words dark:prose-invert light\"><p>Vous souhaitez en savoir plus sur nos produits ou avez besoin d&rsquo;une solution sur mesure ?<\/p><p>Contactez-nous pour obtenir des informations d\u00e9taill\u00e9es et un devis personnalis\u00e9. Notre \u00e9quipe est pr\u00eate \u00e0 vous aider avec vos besoins sp\u00e9cifiques et \u00e0 vous fournir des conseils d&rsquo;experts sur nos technologies avanc\u00e9es.<\/p><\/div><\/div><\/div><\/div><div class=\"mt-1 flex gap-3 empty:hidden juice:-ml-3\"><div class=\"items-center justify-start rounded-xl p-1 flex\"><div class=\"flex items-center\"><div class=\"flex items-center pb-0.5 juice:pb-0\"><div class=\"[&amp;_svg]:h-full [&amp;_svg]:w-full icon-md h-4 w-4\">\u00a0<\/div><\/div><\/div><\/div><\/div>\t\t\t\t\t\t\t\t<\/div>\n\t\t\t\t<\/div>\n\t\t\t\t<\/div>\n\t\t\t\t\t<\/div>\n\t\t\t\t<\/div>\n\t\t\t\t<\/div>\n\t\t","protected":false},"excerpt":{"rendered":"<p>Ensembles de montures de substrat La conception du porte-substrat influence l&rsquo;uniformit\u00e9 et les caract\u00e9ristiques du film. Votre application d\u00e9terminera quelles fonctionnalit\u00e9s sont importantes. Demande de soumission La conception de notre porte-substrat int\u00e9grera les caract\u00e9ristiques qui r\u00e9pondent \u00e0 vos besoins sp\u00e9cifiques, notamment : La taille et la forme de l&rsquo;\u00e9chantillon La plage de temp\u00e9rature de fonctionnement&#8230;<\/p>\n","protected":false},"author":5,"featured_media":0,"parent":0,"menu_order":7,"comment_status":"closed","ping_status":"closed","template":"","meta":{"_acf_changed":false,"footnotes":""},"class_list":["post-2797","page","type-page","status-publish","hentry"],"acf":[],"yoast_head":"<!-- This site is optimized with the Yoast SEO plugin v24.5 - https:\/\/yoast.com\/wordpress\/plugins\/seo\/ -->\n<title>Ensembles de monture de substrat - Plasmionique<\/title>\n<meta name=\"robots\" content=\"index, follow, max-snippet:-1, max-image-preview:large, max-video-preview:-1\" \/>\n<link rel=\"canonical\" href=\"https:\/\/plasmionique.com\/fr\/substrate-mount-assemblies-fr\/\" \/>\n<meta property=\"og:locale\" content=\"fr_FR\" \/>\n<meta property=\"og:type\" content=\"article\" \/>\n<meta property=\"og:title\" content=\"Ensembles de monture de substrat - Plasmionique\" \/>\n<meta property=\"og:description\" content=\"Ensembles de montures de substrat La conception du porte-substrat influence l&rsquo;uniformit\u00e9 et les caract\u00e9ristiques du film. Votre application d\u00e9terminera quelles fonctionnalit\u00e9s sont importantes. Demande de soumission La conception de notre porte-substrat int\u00e9grera les caract\u00e9ristiques qui r\u00e9pondent \u00e0 vos besoins sp\u00e9cifiques, notamment : La taille et la forme de l&rsquo;\u00e9chantillon La plage de temp\u00e9rature de fonctionnement...\" \/>\n<meta property=\"og:url\" content=\"https:\/\/plasmionique.com\/fr\/substrate-mount-assemblies-fr\/\" \/>\n<meta property=\"og:site_name\" content=\"Plasmionique\" \/>\n<meta property=\"article:modified_time\" content=\"2024-07-15T14:56:39+00:00\" \/>\n<meta property=\"og:image\" content=\"https:\/\/plasmionique.com\/wp-content\/uploads\/2024\/06\/substrate-mount.jpg\" \/>\n<meta name=\"twitter:card\" content=\"summary_large_image\" \/>\n<meta name=\"twitter:label1\" content=\"Dur\u00e9e de lecture estim\u00e9e\" \/>\n\t<meta name=\"twitter:data1\" content=\"2 minutes\" \/>\n<script type=\"application\/ld+json\" class=\"yoast-schema-graph\">{\"@context\":\"https:\/\/schema.org\",\"@graph\":[{\"@type\":\"WebPage\",\"@id\":\"https:\/\/plasmionique.com\/fr\/substrate-mount-assemblies-fr\/\",\"url\":\"https:\/\/plasmionique.com\/fr\/substrate-mount-assemblies-fr\/\",\"name\":\"Ensembles de monture de substrat - Plasmionique\",\"isPartOf\":{\"@id\":\"https:\/\/plasmionique.com\/#website\"},\"primaryImageOfPage\":{\"@id\":\"https:\/\/plasmionique.com\/fr\/substrate-mount-assemblies-fr\/#primaryimage\"},\"image\":{\"@id\":\"https:\/\/plasmionique.com\/fr\/substrate-mount-assemblies-fr\/#primaryimage\"},\"thumbnailUrl\":\"https:\/\/plasmionique.com\/wp-content\/uploads\/2024\/06\/substrate-mount.jpg\",\"datePublished\":\"2024-06-04T20:07:09+00:00\",\"dateModified\":\"2024-07-15T14:56:39+00:00\",\"breadcrumb\":{\"@id\":\"https:\/\/plasmionique.com\/fr\/substrate-mount-assemblies-fr\/#breadcrumb\"},\"inLanguage\":\"fr-FR\",\"potentialAction\":[{\"@type\":\"ReadAction\",\"target\":[\"https:\/\/plasmionique.com\/fr\/substrate-mount-assemblies-fr\/\"]}]},{\"@type\":\"ImageObject\",\"inLanguage\":\"fr-FR\",\"@id\":\"https:\/\/plasmionique.com\/fr\/substrate-mount-assemblies-fr\/#primaryimage\",\"url\":\"https:\/\/plasmionique.com\/wp-content\/uploads\/2024\/06\/substrate-mount.jpg\",\"contentUrl\":\"https:\/\/plasmionique.com\/wp-content\/uploads\/2024\/06\/substrate-mount.jpg\"},{\"@type\":\"BreadcrumbList\",\"@id\":\"https:\/\/plasmionique.com\/fr\/substrate-mount-assemblies-fr\/#breadcrumb\",\"itemListElement\":[{\"@type\":\"ListItem\",\"position\":1,\"name\":\"Home\",\"item\":\"https:\/\/plasmionique.com\/fr\/\"},{\"@type\":\"ListItem\",\"position\":2,\"name\":\"Ensembles de monture de substrat\"}]},{\"@type\":\"WebSite\",\"@id\":\"https:\/\/plasmionique.com\/#website\",\"url\":\"https:\/\/plasmionique.com\/\",\"name\":\"Plasmionique\",\"description\":\"\",\"publisher\":{\"@id\":\"https:\/\/plasmionique.com\/#organization\"},\"potentialAction\":[{\"@type\":\"SearchAction\",\"target\":{\"@type\":\"EntryPoint\",\"urlTemplate\":\"https:\/\/plasmionique.com\/?s={search_term_string}\"},\"query-input\":{\"@type\":\"PropertyValueSpecification\",\"valueRequired\":true,\"valueName\":\"search_term_string\"}}],\"inLanguage\":\"fr-FR\"},{\"@type\":\"Organization\",\"@id\":\"https:\/\/plasmionique.com\/#organization\",\"name\":\"Plasmionique\",\"url\":\"https:\/\/plasmionique.com\/\",\"logo\":{\"@type\":\"ImageObject\",\"inLanguage\":\"fr-FR\",\"@id\":\"https:\/\/plasmionique.com\/#\/schema\/logo\/image\/\",\"url\":\"https:\/\/plasmionique.com\/wp-content\/uploads\/2024\/05\/plasmionique-new-logo.png\",\"contentUrl\":\"https:\/\/plasmionique.com\/wp-content\/uploads\/2024\/05\/plasmionique-new-logo.png\",\"width\":200,\"height\":35,\"caption\":\"Plasmionique\"},\"image\":{\"@id\":\"https:\/\/plasmionique.com\/#\/schema\/logo\/image\/\"}}]}<\/script>\n<!-- \/ Yoast SEO plugin. -->","yoast_head_json":{"title":"Ensembles de monture de substrat - Plasmionique","robots":{"index":"index","follow":"follow","max-snippet":"max-snippet:-1","max-image-preview":"max-image-preview:large","max-video-preview":"max-video-preview:-1"},"canonical":"https:\/\/plasmionique.com\/fr\/substrate-mount-assemblies-fr\/","og_locale":"fr_FR","og_type":"article","og_title":"Ensembles de monture de substrat - Plasmionique","og_description":"Ensembles de montures de substrat La conception du porte-substrat influence l&rsquo;uniformit\u00e9 et les caract\u00e9ristiques du film. Votre application d\u00e9terminera quelles fonctionnalit\u00e9s sont importantes. Demande de soumission La conception de notre porte-substrat int\u00e9grera les caract\u00e9ristiques qui r\u00e9pondent \u00e0 vos besoins sp\u00e9cifiques, notamment : La taille et la forme de l&rsquo;\u00e9chantillon La plage de temp\u00e9rature de fonctionnement...","og_url":"https:\/\/plasmionique.com\/fr\/substrate-mount-assemblies-fr\/","og_site_name":"Plasmionique","article_modified_time":"2024-07-15T14:56:39+00:00","og_image":[{"url":"https:\/\/plasmionique.com\/wp-content\/uploads\/2024\/06\/substrate-mount.jpg","type":"","width":"","height":""}],"twitter_card":"summary_large_image","twitter_misc":{"Dur\u00e9e de lecture estim\u00e9e":"2 minutes"},"schema":{"@context":"https:\/\/schema.org","@graph":[{"@type":"WebPage","@id":"https:\/\/plasmionique.com\/fr\/substrate-mount-assemblies-fr\/","url":"https:\/\/plasmionique.com\/fr\/substrate-mount-assemblies-fr\/","name":"Ensembles de monture de substrat - Plasmionique","isPartOf":{"@id":"https:\/\/plasmionique.com\/#website"},"primaryImageOfPage":{"@id":"https:\/\/plasmionique.com\/fr\/substrate-mount-assemblies-fr\/#primaryimage"},"image":{"@id":"https:\/\/plasmionique.com\/fr\/substrate-mount-assemblies-fr\/#primaryimage"},"thumbnailUrl":"https:\/\/plasmionique.com\/wp-content\/uploads\/2024\/06\/substrate-mount.jpg","datePublished":"2024-06-04T20:07:09+00:00","dateModified":"2024-07-15T14:56:39+00:00","breadcrumb":{"@id":"https:\/\/plasmionique.com\/fr\/substrate-mount-assemblies-fr\/#breadcrumb"},"inLanguage":"fr-FR","potentialAction":[{"@type":"ReadAction","target":["https:\/\/plasmionique.com\/fr\/substrate-mount-assemblies-fr\/"]}]},{"@type":"ImageObject","inLanguage":"fr-FR","@id":"https:\/\/plasmionique.com\/fr\/substrate-mount-assemblies-fr\/#primaryimage","url":"https:\/\/plasmionique.com\/wp-content\/uploads\/2024\/06\/substrate-mount.jpg","contentUrl":"https:\/\/plasmionique.com\/wp-content\/uploads\/2024\/06\/substrate-mount.jpg"},{"@type":"BreadcrumbList","@id":"https:\/\/plasmionique.com\/fr\/substrate-mount-assemblies-fr\/#breadcrumb","itemListElement":[{"@type":"ListItem","position":1,"name":"Home","item":"https:\/\/plasmionique.com\/fr\/"},{"@type":"ListItem","position":2,"name":"Ensembles de monture de substrat"}]},{"@type":"WebSite","@id":"https:\/\/plasmionique.com\/#website","url":"https:\/\/plasmionique.com\/","name":"Plasmionique","description":"","publisher":{"@id":"https:\/\/plasmionique.com\/#organization"},"potentialAction":[{"@type":"SearchAction","target":{"@type":"EntryPoint","urlTemplate":"https:\/\/plasmionique.com\/?s={search_term_string}"},"query-input":{"@type":"PropertyValueSpecification","valueRequired":true,"valueName":"search_term_string"}}],"inLanguage":"fr-FR"},{"@type":"Organization","@id":"https:\/\/plasmionique.com\/#organization","name":"Plasmionique","url":"https:\/\/plasmionique.com\/","logo":{"@type":"ImageObject","inLanguage":"fr-FR","@id":"https:\/\/plasmionique.com\/#\/schema\/logo\/image\/","url":"https:\/\/plasmionique.com\/wp-content\/uploads\/2024\/05\/plasmionique-new-logo.png","contentUrl":"https:\/\/plasmionique.com\/wp-content\/uploads\/2024\/05\/plasmionique-new-logo.png","width":200,"height":35,"caption":"Plasmionique"},"image":{"@id":"https:\/\/plasmionique.com\/#\/schema\/logo\/image\/"}}]}},"_links":{"self":[{"href":"https:\/\/plasmionique.com\/fr\/wp-json\/wp\/v2\/pages\/2797","targetHints":{"allow":["GET"]}}],"collection":[{"href":"https:\/\/plasmionique.com\/fr\/wp-json\/wp\/v2\/pages"}],"about":[{"href":"https:\/\/plasmionique.com\/fr\/wp-json\/wp\/v2\/types\/page"}],"author":[{"embeddable":true,"href":"https:\/\/plasmionique.com\/fr\/wp-json\/wp\/v2\/users\/5"}],"replies":[{"embeddable":true,"href":"https:\/\/plasmionique.com\/fr\/wp-json\/wp\/v2\/comments?post=2797"}],"version-history":[{"count":11,"href":"https:\/\/plasmionique.com\/fr\/wp-json\/wp\/v2\/pages\/2797\/revisions"}],"predecessor-version":[{"id":2979,"href":"https:\/\/plasmionique.com\/fr\/wp-json\/wp\/v2\/pages\/2797\/revisions\/2979"}],"wp:attachment":[{"href":"https:\/\/plasmionique.com\/fr\/wp-json\/wp\/v2\/media?parent=2797"}],"curies":[{"name":"wp","href":"https:\/\/api.w.org\/{rel}","templated":true}]}}