{"id":2721,"date":"2023-11-30T17:15:08","date_gmt":"2023-11-30T17:15:08","guid":{"rendered":"https:\/\/plasmionique.com\/produits\/"},"modified":"2024-07-12T19:44:03","modified_gmt":"2024-07-12T19:44:03","slug":"produits","status":"publish","type":"page","link":"https:\/\/plasmionique.com\/fr\/produits\/","title":{"rendered":"Produits"},"content":{"rendered":"\t\t<div data-elementor-type=\"wp-page\" data-elementor-id=\"2721\" class=\"elementor elementor-2721 elementor-1037\" data-elementor-post-type=\"page\">\n\t\t\t\t<section class=\"elementor-element elementor-element-4c8eaf05 e-flex e-con-boxed e-con e-parent\" data-id=\"4c8eaf05\" data-element_type=\"container\">\n\t\t\t\t\t<div class=\"e-con-inner\">\n\t\t\t\t<div class=\"elementor-element elementor-element-1fe6d346 elementor-widget elementor-widget-heading\" data-id=\"1fe6d346\" data-element_type=\"widget\" data-widget_type=\"heading.default\">\n\t\t\t\t<div class=\"elementor-widget-container\">\n\t\t\t\t\t<h2 class=\"elementor-heading-title elementor-size-default\">Explorez nos produits <\/h2>\t\t\t\t<\/div>\n\t\t\t\t<\/div>\n\t\t\t\t<div class=\"elementor-element elementor-element-7aecc431 elementor-widget elementor-widget-shortcode\" data-id=\"7aecc431\" data-element_type=\"widget\" data-widget_type=\"shortcode.default\">\n\t\t\t\t<div class=\"elementor-widget-container\">\n\t\t\t\t\t\t\t<div class=\"elementor-shortcode\">\n<div class=\"service_terms_desctop_container\">\n    <ul class=\"product_terms\">\n                            <li class=\"current_term_item\" id=\"41\">\n                R\u00e9acteurs CVD \/ ALD \/ PECVD \/ RIE            <\/li>\n                    <li class=\"\" id=\"44\">\n                R\u00e9acteurs MWPlasma \/ MWPECVD            <\/li>\n                    <li class=\"\" id=\"45\">\n                Sources de plasma \/ ions \/ mati\u00e8res neutres            <\/li>\n                    <li class=\"\" id=\"43\">\n                Syst\u00e8mes de d\u00e9p\u00f4t par pulv\u00e9risation            <\/li>\n                    <li class=\"\" id=\"40\">\n                Syst\u00e8mes EBeam \/ \u00e9vaporation thermique            <\/li>\n            <\/ul>   \n<\/div>\n\n<div class=\"product_terms_mobile_container\">\n    <div class=\"choose_term\">\n        <span class=\"current_term_name\">Filtre de cat\u00e9gorie<\/span>\n        <span class=\"dashicons dashicons-arrow-down-alt2\"><\/span>\n    <\/div>\n    <div class=\"terms_column\">\n        <ul class=\"product_terms service_terms_mobile\">\n                            <li id=\"41\">\n                    R\u00e9acteurs CVD \/ ALD \/ PECVD \/ RIE                <\/li>\n                            <li id=\"44\">\n                    R\u00e9acteurs MWPlasma \/ MWPECVD                <\/li>\n                            <li id=\"45\">\n                    Sources de plasma \/ ions \/ mati\u00e8res neutres                <\/li>\n                            <li id=\"43\">\n                    Syst\u00e8mes de d\u00e9p\u00f4t par pulv\u00e9risation                <\/li>\n                            <li id=\"40\">\n                    Syst\u00e8mes EBeam \/ \u00e9vaporation thermique                <\/li>\n                    <\/ul>  \n    <\/div> \n<\/div>\n\n\n<div class=\"products_container\">\n    <div id=\"products_response\">\n        <div class=\"products_slider\">\n                                            <div class=\"product_posts_col\">\n                    <div class=\"post_img_col\">\n                        <div class=\"img_inner_col\">\n                            <img fetchpriority=\"high\" decoding=\"async\" width=\"248\" height=\"243\" src=\"https:\/\/plasmionique.com\/wp-content\/uploads\/2023\/10\/flarion-tabletop-248x243.png\" class=\"attachment-product-img-size size-product-img-size wp-post-image\" alt=\"\" \/>                            <div class=\"hover_animation_box\"><\/div>\n                        <\/div>\n                    <\/div>\n                    <div class=\"post_content_col\">\n                        <div class=\"post_category_col\">\n                                                                <ul class=\"curent_post_terms\">\n                                                                                    <li>R\u00e9acteurs CVD \/ ALD \/ PECVD \/ RIE<\/li>\n                                                                            <\/ul>\n                                                        <\/div>\n                        <div class=\"post_title_col\">\n                            <h4>Format de table<\/h4> \n                        <\/div>\n                                                        <div class=\"post_excerpt_col\">\n                                    <p>Les r\u00e9acteurs CVD \/ ALD \/ PECVD \/ RIE de format de table de Plasmionique\u2026<\/p>\n                                <\/div>\n                                                    <div class=\"learn_mor_col\">\n                            <a class=\"post_url\" href=\"https:\/\/plasmionique.com\/fr\/products\/table-top-fr\/\">En savoir plus<\/a>\n                        <\/div>\n                    <\/div>\n                <\/div>\n                                <div class=\"product_posts_col\">\n                    <div class=\"post_img_col\">\n                        <div class=\"img_inner_col\">\n                            <img decoding=\"async\" width=\"248\" height=\"243\" src=\"https:\/\/plasmionique.com\/wp-content\/uploads\/2023\/10\/flarion-compact-248x243.png\" class=\"attachment-product-img-size size-product-img-size wp-post-image\" alt=\"\" \/>                            <div class=\"hover_animation_box\"><\/div>\n                        <\/div>\n                    <\/div>\n                    <div class=\"post_content_col\">\n                        <div class=\"post_category_col\">\n                                                                <ul class=\"curent_post_terms\">\n                                                                                    <li>R\u00e9acteurs CVD \/ ALD \/ PECVD \/ RIE<\/li>\n                                                                            <\/ul>\n                                                        <\/div>\n                        <div class=\"post_title_col\">\n                            <h4>Format compact<\/h4> \n                        <\/div>\n                                                        <div class=\"post_excerpt_col\">\n                                    <p>Les r\u00e9acteurs CVD \/ ALD \/ PECVD \/ RIE de format compact de Plasmionique combinent\u2026<\/p>\n                                <\/div>\n                                                    <div class=\"learn_mor_col\">\n                            <a class=\"post_url\" href=\"https:\/\/plasmionique.com\/fr\/products\/compact-fr\/\">En savoir plus<\/a>\n                        <\/div>\n                    <\/div>\n                <\/div>\n                                <div class=\"product_posts_col\">\n                    <div class=\"post_img_col\">\n                        <div class=\"img_inner_col\">\n                            <img decoding=\"async\" width=\"248\" height=\"243\" src=\"https:\/\/plasmionique.com\/wp-content\/uploads\/2024\/07\/Front-View-2_Gimped-248x243.png\" class=\"attachment-product-img-size size-product-img-size wp-post-image\" alt=\"\" \/>                            <div class=\"hover_animation_box\"><\/div>\n                        <\/div>\n                    <\/div>\n                    <div class=\"post_content_col\">\n                        <div class=\"post_category_col\">\n                                                                <ul class=\"curent_post_terms\">\n                                                                                    <li>R\u00e9acteurs CVD \/ ALD \/ PECVD \/ RIE<\/li>\n                                                                            <\/ul>\n                                                        <\/div>\n                        <div class=\"post_title_col\">\n                            <h4>Format standard<\/h4> \n                        <\/div>\n                                                        <div class=\"post_excerpt_col\">\n                                    <p>Les r\u00e9acteurs CVD \/ ALD \/ PECVD \/ RIE de format standard de Plasmionique sont\u2026<\/p>\n                                <\/div>\n                                                    <div class=\"learn_mor_col\">\n                            <a class=\"post_url\" href=\"https:\/\/plasmionique.com\/fr\/products\/full-size-2\/\">En savoir plus<\/a>\n                        <\/div>\n                    <\/div>\n                <\/div>\n                                <div class=\"product_posts_col\">\n                    <div class=\"post_img_col\">\n                        <div class=\"img_inner_col\">\n                            <img loading=\"lazy\" decoding=\"async\" width=\"248\" height=\"243\" src=\"https:\/\/plasmionique.com\/wp-content\/uploads\/2023\/10\/Tube-Furnace-2-248x243.png\" class=\"attachment-product-img-size size-product-img-size wp-post-image\" alt=\"\" \/>                            <div class=\"hover_animation_box\"><\/div>\n                        <\/div>\n                    <\/div>\n                    <div class=\"post_content_col\">\n                        <div class=\"post_category_col\">\n                                                                <ul class=\"curent_post_terms\">\n                                                                                    <li>R\u00e9acteurs CVD \/ ALD \/ PECVD \/ RIE<\/li>\n                                                                            <\/ul>\n                                                        <\/div>\n                        <div class=\"post_title_col\">\n                            <h4>Fours tubulaires<\/h4> \n                        <\/div>\n                                                        <div class=\"post_excerpt_col\">\n                                    <p>Les fours CVD \/ PECVD horizontaux de Plasmionique ont la possibilit\u00e9 de fonctionner avec une\u2026<\/p>\n                                <\/div>\n                                                    <div class=\"learn_mor_col\">\n                            <a class=\"post_url\" href=\"https:\/\/plasmionique.com\/fr\/products\/tube-furnace-3\/\">En savoir plus<\/a>\n                        <\/div>\n                    <\/div>\n                <\/div>\n                                                    <\/div>\n    <\/div>\n<\/div>\n<div class=\"product_slider_arrows\">\n    <span class=\"products_slider_left dashicons dashicons-arrow-left-alt2\"><\/span>\n    <span class=\"products_slider_right dashicons dashicons-arrow-right-alt2\"><\/span>\n<\/div> \n\n<input class=\"current_lang\" type=\"hidden\" value=\"fr\"><\/div>\n\t\t\t\t\t\t<\/div>\n\t\t\t\t<\/div>\n\t\t\t\t\t<\/div>\n\t\t\t\t<\/section>\n\t\t\t\t<\/div>\n\t\t","protected":false},"excerpt":{"rendered":"Les fours CVD \/ PECVD horizontaux de Plasmionique ont la possibilit\u00e9 de fonctionner avec une\u2026","protected":false},"author":1,"featured_media":0,"parent":0,"menu_order":37,"comment_status":"closed","ping_status":"closed","template":"","meta":{"_acf_changed":false,"footnotes":""},"class_list":["post-2721","page","type-page","status-publish","hentry"],"acf":[],"yoast_head":"<!-- This site is optimized with the Yoast SEO plugin v24.5 - https:\/\/yoast.com\/wordpress\/plugins\/seo\/ -->\n<title>Produits - Plasmionique<\/title>\n<meta name=\"robots\" content=\"index, follow, max-snippet:-1, max-image-preview:large, max-video-preview:-1\" \/>\n<link rel=\"canonical\" href=\"https:\/\/plasmionique.com\/fr\/produits\/\" \/>\n<meta property=\"og:locale\" content=\"fr_FR\" \/>\n<meta property=\"og:type\" content=\"article\" \/>\n<meta property=\"og:title\" content=\"Produits - Plasmionique\" \/>\n<meta property=\"og:description\" content=\"Explorez nos produits\" \/>\n<meta property=\"og:url\" content=\"https:\/\/plasmionique.com\/fr\/produits\/\" \/>\n<meta property=\"og:site_name\" content=\"Plasmionique\" \/>\n<meta property=\"article:modified_time\" content=\"2024-07-12T19:44:03+00:00\" \/>\n<meta name=\"twitter:card\" content=\"summary_large_image\" \/>\n<meta name=\"twitter:label1\" content=\"Dur\u00e9e de lecture estim\u00e9e\" \/>\n\t<meta name=\"twitter:data1\" content=\"1 minute\" \/>\n<script type=\"application\/ld+json\" class=\"yoast-schema-graph\">{\"@context\":\"https:\/\/schema.org\",\"@graph\":[{\"@type\":\"WebPage\",\"@id\":\"https:\/\/plasmionique.com\/fr\/produits\/\",\"url\":\"https:\/\/plasmionique.com\/fr\/produits\/\",\"name\":\"Produits - Plasmionique\",\"isPartOf\":{\"@id\":\"https:\/\/plasmionique.com\/#website\"},\"datePublished\":\"2023-11-30T17:15:08+00:00\",\"dateModified\":\"2024-07-12T19:44:03+00:00\",\"breadcrumb\":{\"@id\":\"https:\/\/plasmionique.com\/fr\/produits\/#breadcrumb\"},\"inLanguage\":\"fr-FR\",\"potentialAction\":[{\"@type\":\"ReadAction\",\"target\":[\"https:\/\/plasmionique.com\/fr\/produits\/\"]}]},{\"@type\":\"BreadcrumbList\",\"@id\":\"https:\/\/plasmionique.com\/fr\/produits\/#breadcrumb\",\"itemListElement\":[{\"@type\":\"ListItem\",\"position\":1,\"name\":\"Home\",\"item\":\"https:\/\/plasmionique.com\/fr\/\"},{\"@type\":\"ListItem\",\"position\":2,\"name\":\"Produits\"}]},{\"@type\":\"WebSite\",\"@id\":\"https:\/\/plasmionique.com\/#website\",\"url\":\"https:\/\/plasmionique.com\/\",\"name\":\"Plasmionique\",\"description\":\"\",\"publisher\":{\"@id\":\"https:\/\/plasmionique.com\/#organization\"},\"potentialAction\":[{\"@type\":\"SearchAction\",\"target\":{\"@type\":\"EntryPoint\",\"urlTemplate\":\"https:\/\/plasmionique.com\/?s={search_term_string}\"},\"query-input\":{\"@type\":\"PropertyValueSpecification\",\"valueRequired\":true,\"valueName\":\"search_term_string\"}}],\"inLanguage\":\"fr-FR\"},{\"@type\":\"Organization\",\"@id\":\"https:\/\/plasmionique.com\/#organization\",\"name\":\"Plasmionique\",\"url\":\"https:\/\/plasmionique.com\/\",\"logo\":{\"@type\":\"ImageObject\",\"inLanguage\":\"fr-FR\",\"@id\":\"https:\/\/plasmionique.com\/#\/schema\/logo\/image\/\",\"url\":\"https:\/\/plasmionique.com\/wp-content\/uploads\/2024\/05\/plasmionique-new-logo.png\",\"contentUrl\":\"https:\/\/plasmionique.com\/wp-content\/uploads\/2024\/05\/plasmionique-new-logo.png\",\"width\":200,\"height\":35,\"caption\":\"Plasmionique\"},\"image\":{\"@id\":\"https:\/\/plasmionique.com\/#\/schema\/logo\/image\/\"}}]}<\/script>\n<!-- \/ Yoast SEO plugin. -->","yoast_head_json":{"title":"Produits - Plasmionique","robots":{"index":"index","follow":"follow","max-snippet":"max-snippet:-1","max-image-preview":"max-image-preview:large","max-video-preview":"max-video-preview:-1"},"canonical":"https:\/\/plasmionique.com\/fr\/produits\/","og_locale":"fr_FR","og_type":"article","og_title":"Produits - Plasmionique","og_description":"Explorez nos produits","og_url":"https:\/\/plasmionique.com\/fr\/produits\/","og_site_name":"Plasmionique","article_modified_time":"2024-07-12T19:44:03+00:00","twitter_card":"summary_large_image","twitter_misc":{"Dur\u00e9e de lecture estim\u00e9e":"1 minute"},"schema":{"@context":"https:\/\/schema.org","@graph":[{"@type":"WebPage","@id":"https:\/\/plasmionique.com\/fr\/produits\/","url":"https:\/\/plasmionique.com\/fr\/produits\/","name":"Produits - Plasmionique","isPartOf":{"@id":"https:\/\/plasmionique.com\/#website"},"datePublished":"2023-11-30T17:15:08+00:00","dateModified":"2024-07-12T19:44:03+00:00","breadcrumb":{"@id":"https:\/\/plasmionique.com\/fr\/produits\/#breadcrumb"},"inLanguage":"fr-FR","potentialAction":[{"@type":"ReadAction","target":["https:\/\/plasmionique.com\/fr\/produits\/"]}]},{"@type":"BreadcrumbList","@id":"https:\/\/plasmionique.com\/fr\/produits\/#breadcrumb","itemListElement":[{"@type":"ListItem","position":1,"name":"Home","item":"https:\/\/plasmionique.com\/fr\/"},{"@type":"ListItem","position":2,"name":"Produits"}]},{"@type":"WebSite","@id":"https:\/\/plasmionique.com\/#website","url":"https:\/\/plasmionique.com\/","name":"Plasmionique","description":"","publisher":{"@id":"https:\/\/plasmionique.com\/#organization"},"potentialAction":[{"@type":"SearchAction","target":{"@type":"EntryPoint","urlTemplate":"https:\/\/plasmionique.com\/?s={search_term_string}"},"query-input":{"@type":"PropertyValueSpecification","valueRequired":true,"valueName":"search_term_string"}}],"inLanguage":"fr-FR"},{"@type":"Organization","@id":"https:\/\/plasmionique.com\/#organization","name":"Plasmionique","url":"https:\/\/plasmionique.com\/","logo":{"@type":"ImageObject","inLanguage":"fr-FR","@id":"https:\/\/plasmionique.com\/#\/schema\/logo\/image\/","url":"https:\/\/plasmionique.com\/wp-content\/uploads\/2024\/05\/plasmionique-new-logo.png","contentUrl":"https:\/\/plasmionique.com\/wp-content\/uploads\/2024\/05\/plasmionique-new-logo.png","width":200,"height":35,"caption":"Plasmionique"},"image":{"@id":"https:\/\/plasmionique.com\/#\/schema\/logo\/image\/"}}]}},"_links":{"self":[{"href":"https:\/\/plasmionique.com\/fr\/wp-json\/wp\/v2\/pages\/2721","targetHints":{"allow":["GET"]}}],"collection":[{"href":"https:\/\/plasmionique.com\/fr\/wp-json\/wp\/v2\/pages"}],"about":[{"href":"https:\/\/plasmionique.com\/fr\/wp-json\/wp\/v2\/types\/page"}],"author":[{"embeddable":true,"href":"https:\/\/plasmionique.com\/fr\/wp-json\/wp\/v2\/users\/1"}],"replies":[{"embeddable":true,"href":"https:\/\/plasmionique.com\/fr\/wp-json\/wp\/v2\/comments?post=2721"}],"version-history":[{"count":4,"href":"https:\/\/plasmionique.com\/fr\/wp-json\/wp\/v2\/pages\/2721\/revisions"}],"predecessor-version":[{"id":2941,"href":"https:\/\/plasmionique.com\/fr\/wp-json\/wp\/v2\/pages\/2721\/revisions\/2941"}],"wp:attachment":[{"href":"https:\/\/plasmionique.com\/fr\/wp-json\/wp\/v2\/media?parent=2721"}],"curies":[{"name":"wp","href":"https:\/\/api.w.org\/{rel}","templated":true}]}}